{"id":133,"date":"2018-09-22T19:43:58","date_gmt":"2018-09-22T19:43:58","guid":{"rendered":"http:\/\/2018.burbankwerner.de\/?page_id=133"},"modified":"2020-12-27T21:42:49","modified_gmt":"2020-12-27T21:42:49","slug":"musterseite-3","status":"publish","type":"page","link":"http:\/\/2018.burbankwerner.de\/?page_id=133","title":{"rendered":"22. September &#8211; Fahrt nach Harar und Rundgang in der Altstadt"},"content":{"rendered":"<p><a href=\"http:\/\/2018.burbankwerner.de\/?page_id=314\"><img loading=\"lazy\" decoding=\"async\" class=\"alignright wp-image-95\" src=\"http:\/\/burbankwerner.de\/wp-content\/uploads\/2017\/09\/Union-Jack-300x150.png\" alt=\"\" width=\"167\" height=\"84\"><\/a>Heute morgen haben wir uns &#8211; nach einer doch nicht sehr \u00fcberzeugenden Nacht &#8211; vom h\u00e4rtesten Bett Afrikas verabschiedet.<\/p>\n<p>Dann fahren wir nach Harar, der uralten muslimischen Stadt im Osten \u00c4thiopiens. Die Region um Harar hat eine lange und wechselvolle Geschichte, die zugegebenerma\u00dfen auch ein wenig verwirrend ist. Wichtig: Harar ist nach Mekka, Medina und Jerusalem die viert-heiligste Stadt des Islam!<\/p>\n<p>Allerdings merkt man davon erst einmal nicht viel. Aus Dire Dawa geht es nach S\u00fcdosten gleich steil in das Gebirge hinauf, ein Lastwagen nach dem anderen arbeitet sich die Serpentinenstrecke entlang. Waghalsige \u00dcberholman\u00f6ver sind v\u00f6llig normal. Und leider auch die Folgen. Wir sehen einige \u00fcbel zugerichtete LKW, die kleineren sind besonders gef\u00e4hrdet.<\/p>\n<figure id=\"attachment_129\" aria-describedby=\"caption-attachment-129\" style=\"width: 900px\" class=\"wp-caption aligncenter\"><img loading=\"lazy\" decoding=\"async\" class=\"wp-image-129 size-full\" src=\"http:\/\/2018.burbankwerner.de\/wp-content\/uploads\/2018\/09\/Unfall.jpg\" alt=\"\" width=\"900\" height=\"636\" srcset=\"http:\/\/2018.burbankwerner.de\/wp-content\/uploads\/2018\/09\/Unfall.jpg 900w, http:\/\/2018.burbankwerner.de\/wp-content\/uploads\/2018\/09\/Unfall-300x212.jpg 300w, http:\/\/2018.burbankwerner.de\/wp-content\/uploads\/2018\/09\/Unfall-768x543.jpg 768w\" sizes=\"(max-width: 900px) 100vw, 900px\" \/><figcaption id=\"caption-attachment-129\" class=\"wp-caption-text\">Wie der wohl da hoch gekommen ist&#8230;<\/figcaption><\/figure>\n<p>Einer hat sich gerade eben erst in der B\u00f6schung festgefahren und eine ganze Truppe versucht, ihn mit einem Seil wieder auf die Stra\u00dfe zu ziehen.<br \/>\nUnser Fahrer ist &#8211; gottlob &#8211; sehr umsichtig, verzichtet auch mal auf\u2018s \u00dcberholen und so kommen wir nach 90-min\u00fctiger Fahrt sicher in Harar an.<\/p>\n<p>Nach kurzer Pause treffen wir Biniyam, unseren F\u00fchrer, zu einem Rundgang durch die Altstadt von Harar. Die Ansiedlung ist mehr als tausend Jahre alt und geh\u00f6rt zum UNESCO Weltkulturerbe.<\/p>\n<figure id=\"attachment_126\" aria-describedby=\"caption-attachment-126\" style=\"width: 900px\" class=\"wp-caption aligncenter\"><img loading=\"lazy\" decoding=\"async\" class=\"wp-image-126 size-full\" src=\"http:\/\/2018.burbankwerner.de\/wp-content\/uploads\/2018\/09\/MARKT2.jpg\" alt=\"\" width=\"900\" height=\"600\" srcset=\"http:\/\/2018.burbankwerner.de\/wp-content\/uploads\/2018\/09\/MARKT2.jpg 900w, http:\/\/2018.burbankwerner.de\/wp-content\/uploads\/2018\/09\/MARKT2-300x200.jpg 300w, http:\/\/2018.burbankwerner.de\/wp-content\/uploads\/2018\/09\/MARKT2-768x512.jpg 768w\" sizes=\"(max-width: 900px) 100vw, 900px\" \/><figcaption id=\"caption-attachment-126\" class=\"wp-caption-text\">Stra\u00dfenmarkt in Harar<\/figcaption><\/figure>\n<p>Vor dem Tor zur Altstadt und vor dem eigentlichen Markt tummeln sich massenhaft Verk\u00e4uferinnen, ja, vor allem Frauen, die ihre Ware auf der Stra\u00dfe anbieten.<\/p>\n<figure id=\"attachment_125\" aria-describedby=\"caption-attachment-125\" style=\"width: 900px\" class=\"wp-caption aligncenter\"><img loading=\"lazy\" decoding=\"async\" class=\"wp-image-125 size-full\" src=\"http:\/\/2018.burbankwerner.de\/wp-content\/uploads\/2018\/09\/Markt.jpg\" alt=\"\" width=\"900\" height=\"600\" srcset=\"http:\/\/2018.burbankwerner.de\/wp-content\/uploads\/2018\/09\/Markt.jpg 900w, http:\/\/2018.burbankwerner.de\/wp-content\/uploads\/2018\/09\/Markt-300x200.jpg 300w, http:\/\/2018.burbankwerner.de\/wp-content\/uploads\/2018\/09\/Markt-768x512.jpg 768w\" sizes=\"(max-width: 900px) 100vw, 900px\" \/><figcaption id=\"caption-attachment-125\" class=\"wp-caption-text\">Gew\u00fcrzmarkt : Man muss st\u00e4ndig niesen!<\/figcaption><\/figure>\n<p>Besonders der Gew\u00fcrzmarkt ist beeindruckend. Annette kauft zwei interessante Gew\u00fcrze f\u00fcr die Injera. Die Eindr\u00fccke vom Markt sind wirklich toll.<\/p>\n<figure id=\"attachment_130\" aria-describedby=\"caption-attachment-130\" style=\"width: 900px\" class=\"wp-caption aligncenter\"><img loading=\"lazy\" decoding=\"async\" class=\"wp-image-130 size-full\" src=\"http:\/\/2018.burbankwerner.de\/wp-content\/uploads\/2018\/09\/Kauf.jpg\" alt=\"\" width=\"900\" height=\"600\" srcset=\"http:\/\/2018.burbankwerner.de\/wp-content\/uploads\/2018\/09\/Kauf.jpg 900w, http:\/\/2018.burbankwerner.de\/wp-content\/uploads\/2018\/09\/Kauf-300x200.jpg 300w, http:\/\/2018.burbankwerner.de\/wp-content\/uploads\/2018\/09\/Kauf-768x512.jpg 768w\" sizes=\"(max-width: 900px) 100vw, 900px\" \/><figcaption id=\"caption-attachment-130\" class=\"wp-caption-text\">Annette kauft interessante Gew\u00fcrze f\u00fcr die Injera. Ob die wohl je zum Einsatz kommen???<\/figcaption><\/figure>\n<figure id=\"attachment_127\" aria-describedby=\"caption-attachment-127\" style=\"width: 900px\" class=\"wp-caption aligncenter\"><img loading=\"lazy\" decoding=\"async\" class=\"wp-image-127 size-full\" src=\"http:\/\/2018.burbankwerner.de\/wp-content\/uploads\/2018\/09\/Muskatnussfrau.jpg\" alt=\"\" width=\"900\" height=\"600\" srcset=\"http:\/\/2018.burbankwerner.de\/wp-content\/uploads\/2018\/09\/Muskatnussfrau.jpg 900w, http:\/\/2018.burbankwerner.de\/wp-content\/uploads\/2018\/09\/Muskatnussfrau-300x200.jpg 300w, http:\/\/2018.burbankwerner.de\/wp-content\/uploads\/2018\/09\/Muskatnussfrau-768x512.jpg 768w\" sizes=\"(max-width: 900px) 100vw, 900px\" \/><figcaption id=\"caption-attachment-127\" class=\"wp-caption-text\">Diese Frau verkauft Muskatn\u00fcsse Koriander und Ingwer<\/figcaption><\/figure>\n<p>Die Altstadt von Harar ist von einer 3,3 km langen Stadtmauer umgeben, f\u00fcnf Tore bilden den Zugang zu dem Gewirr von Str\u00e4\u00dfchen und Pl\u00e4tzen. Die H\u00e4user der Harari (der Volksstamm bildet den Kern der Bev\u00f6lkerung) sind aus rohen Steinen mit Lehm gef\u00fcgt &#8211; doch die meisten Mauern sind mittlerweile mit Zement \u00fcberzogen und oft bunt bemalt. An einer Stelle mauern M\u00e4nner mit den alten Materialien &#8211; Biniyam erl\u00e4utert, dass die Beh\u00f6rden das Bauen hier nur mit den traditionellen Baustoffen erlauben.<\/p>\n<figure id=\"attachment_123\" aria-describedby=\"caption-attachment-123\" style=\"width: 900px\" class=\"wp-caption aligncenter\"><img loading=\"lazy\" decoding=\"async\" class=\"wp-image-123 size-full\" src=\"http:\/\/2018.burbankwerner.de\/wp-content\/uploads\/2018\/09\/Geb\u00e4ude.jpg\" alt=\"\" width=\"900\" height=\"600\" srcset=\"http:\/\/2018.burbankwerner.de\/wp-content\/uploads\/2018\/09\/Geb\u00e4ude.jpg 900w, http:\/\/2018.burbankwerner.de\/wp-content\/uploads\/2018\/09\/Geb\u00e4ude-300x200.jpg 300w, http:\/\/2018.burbankwerner.de\/wp-content\/uploads\/2018\/09\/Geb\u00e4ude-768x512.jpg 768w\" sizes=\"(max-width: 900px) 100vw, 900px\" \/><figcaption id=\"caption-attachment-123\" class=\"wp-caption-text\">Harari-Haus<\/figcaption><\/figure>\n<p>Auch in Harar h\u00e4ngen \u00fcberall M\u00e4nner herum und kauen Khat, den sie hier Chat nennen. An jeder Ecke wird die Droge angeboten und rund um Harar ist alles voll mit Feldern, auf denen die Pflanzen wachsen.<\/p>\n<p>Gekocht und geheizt wird vielfach noch mit Brennholz. Und das schleppen die vielen Esel in die Stadt, die man auf den Stra\u00dfen sieht<\/p>\n<p><img loading=\"lazy\" decoding=\"async\" class=\"aligncenter size-full wp-image-122\" src=\"http:\/\/2018.burbankwerner.de\/wp-content\/uploads\/2018\/09\/Esel.jpg\" alt=\"\" width=\"900\" height=\"610\" srcset=\"http:\/\/2018.burbankwerner.de\/wp-content\/uploads\/2018\/09\/Esel.jpg 900w, http:\/\/2018.burbankwerner.de\/wp-content\/uploads\/2018\/09\/Esel-300x203.jpg 300w, http:\/\/2018.burbankwerner.de\/wp-content\/uploads\/2018\/09\/Esel-768x521.jpg 768w\" sizes=\"(max-width: 900px) 100vw, 900px\" \/><\/p>\n<p>Wir machen bei einem Kaffee Pause am zentralen Platz in der Altstadt, wir sitzen auf der Terrasse im ersten Stock und k\u00f6nnen das Treiben unten ungest\u00f6rt beobachten.<\/p>\n<p>Im Museum Sharif, dem \u201eeinzigen privaten Museum Afrikas\u201c, wie der Guide beteuert, sehen wir eine umfangreiche Sammlung von Utensilien, darunter das Bett des letzten Ras von Harar, Schwerter von Haile Selassie, Menelik II und auch Mengistu hat sich eins machen lassen &#8211; f\u00fcr zeremonielle Anl\u00e4sse, wie wir erkl\u00e4rt bekommen.<\/p>\n<p>Auf dem Weg kaufen wir noch ein Kilo Harar-Kaffee in der winzigen R\u00f6sterei.<\/p>\n<p>Der Tag endet mit einer zweiten Injera, diesmal sind wir so schlau und bestellen nur eine Portion f\u00fcr zwei, die wir trotzdem nicht v\u00f6llig aufessen k\u00f6nnen.<\/p>\n<p>Die n\u00e4chste Nacht wird hoffentlich angenehmer. Beiden steckt uns noch die im h\u00e4rtesten Bett Afrikas in den Knochen. Und hier ist es:<\/p>\n<p><img loading=\"lazy\" decoding=\"async\" class=\"aligncenter size-full wp-image-121\" src=\"http:\/\/2018.burbankwerner.de\/wp-content\/uploads\/2018\/09\/Bett.jpg\" alt=\"\" width=\"900\" height=\"638\" srcset=\"http:\/\/2018.burbankwerner.de\/wp-content\/uploads\/2018\/09\/Bett.jpg 900w, http:\/\/2018.burbankwerner.de\/wp-content\/uploads\/2018\/09\/Bett-300x213.jpg 300w, http:\/\/2018.burbankwerner.de\/wp-content\/uploads\/2018\/09\/Bett-768x544.jpg 768w\" sizes=\"(max-width: 900px) 100vw, 900px\" \/><\/p>\n<p><a href=\"http:\/\/2018.burbankwerner.de\/?page_id=161\"><img loading=\"lazy\" decoding=\"async\" class=\"alignright wp-image-835\" src=\"http:\/\/burbankwerner.de\/wp-content\/uploads\/2017\/11\/weiter-300x122.jpg\" alt=\"\" width=\"170\" height=\"69\"><\/a><a href=\"http:\/\/2018.burbankwerner.de\/?page_id=111\"><img loading=\"lazy\" decoding=\"async\" class=\"alignleft wp-image-834\" src=\"http:\/\/burbankwerner.de\/wp-content\/uploads\/2017\/11\/zur\u00fcck-300x121.jpg\" alt=\"\" width=\"170\" height=\"69\"><\/a><\/p>\n","protected":false},"excerpt":{"rendered":"<p>Heute morgen haben wir uns &#8211; nach einer doch nicht sehr \u00fcberzeugenden Nacht &#8211; vom h\u00e4rtesten Bett Afrikas verabschiedet. Dann fahren wir nach Harar, der uralten muslimischen Stadt im Osten \u00c4thiopiens. Die Region um Harar hat eine lange und wechselvolle Geschichte, die zugegebenerma\u00dfen auch ein wenig verwirrend ist. Wichtig: Harar ist nach Mekka, Medina und &hellip; <a href=\"http:\/\/2018.burbankwerner.de\/?page_id=133\" class=\"more-link\"><span class=\"screen-reader-text\">22. September &#8211; Fahrt nach Harar und Rundgang in der Altstadt<\/span> weiterlesen<\/a><\/p>\n","protected":false},"author":1,"featured_media":0,"parent":0,"menu_order":0,"comment_status":"closed","ping_status":"closed","template":"","meta":{"footnotes":""},"_links":{"self":[{"href":"http:\/\/2018.burbankwerner.de\/index.php?rest_route=\/wp\/v2\/pages\/133"}],"collection":[{"href":"http:\/\/2018.burbankwerner.de\/index.php?rest_route=\/wp\/v2\/pages"}],"about":[{"href":"http:\/\/2018.burbankwerner.de\/index.php?rest_route=\/wp\/v2\/types\/page"}],"author":[{"embeddable":true,"href":"http:\/\/2018.burbankwerner.de\/index.php?rest_route=\/wp\/v2\/users\/1"}],"replies":[{"embeddable":true,"href":"http:\/\/2018.burbankwerner.de\/index.php?rest_route=%2Fwp%2Fv2%2Fcomments&post=133"}],"version-history":[{"count":5,"href":"http:\/\/2018.burbankwerner.de\/index.php?rest_route=\/wp\/v2\/pages\/133\/revisions"}],"predecessor-version":[{"id":709,"href":"http:\/\/2018.burbankwerner.de\/index.php?rest_route=\/wp\/v2\/pages\/133\/revisions\/709"}],"wp:attachment":[{"href":"http:\/\/2018.burbankwerner.de\/index.php?rest_route=%2Fwp%2Fv2%2Fmedia&parent=133"}],"curies":[{"name":"wp","href":"https:\/\/api.w.org\/{rel}","templated":true}]}}