{"id":213,"date":"2018-09-27T21:45:56","date_gmt":"2018-09-27T21:45:56","guid":{"rendered":"http:\/\/2018.burbankwerner.de\/?page_id=213"},"modified":"2020-12-27T21:42:49","modified_gmt":"2020-12-27T21:42:49","slug":"musterseite-7","status":"publish","type":"page","link":"http:\/\/2018.burbankwerner.de\/?page_id=213","title":{"rendered":"26. September &#8211; Wasserfall &#8211; Kloster und ein Freudenfeuer zu Meskal"},"content":{"rendered":"<p><a href=\"http:\/\/2018.burbankwerner.de\/?page_id=230\"><img loading=\"lazy\" decoding=\"async\" class=\"alignright wp-image-95\" src=\"http:\/\/burbankwerner.de\/wp-content\/uploads\/2017\/09\/Union-Jack-300x150.png\" alt=\"\" width=\"167\" height=\"84\"><\/a>An diesem Mittwoch ist so viel passiert, dass wir \u00fcberhaupt nicht zum Schreiben gekommen sind. Erst heute, schon in Gonder, k\u00f6nnen wir &#8211; und auch das erst nach 22:00 Uhr &#8211; weiter schreiben.<\/p>\n<p>Morgens gibt es Fr\u00fchst\u00fcck, das wir gemeinsam mit Lena aus T\u00fcbingen einnehmen. Ihr Freund, mit dem sie unterwegs ist, hat eine b\u00f6se Darmverstimmung und bleibt im Bett. Sie berichtet, was die beiden bisher erlebt haben &#8211; und dann macht sie sich auf zum Wasserfall des Blauen Nils, der etwa 40 Kilometer entfernt den Flusslauf unterbricht.<\/p>\n<p>Auch wir werden zu unserer Fahrt abgeholt. Ein paar Kilometer geht es von Bahir Dar noch auf Asphalt weiter, dann folgen rund 30 Kilometer unbefestigte Stra\u00dfe. Der Fahrer nennt es \u201eafrican massage\u201c, afrikanische Massage, denn man wird kr\u00e4ftig durchger\u00fcttelt.<\/p>\n<figure id=\"attachment_226\" aria-describedby=\"caption-attachment-226\" style=\"width: 900px\" class=\"wp-caption alignright\"><img loading=\"lazy\" decoding=\"async\" class=\"size-full wp-image-226\" src=\"http:\/\/2018.burbankwerner.de\/wp-content\/uploads\/2018\/09\/Stra\u00dfe_BD.jpg\" alt=\"\" width=\"900\" height=\"600\" srcset=\"http:\/\/2018.burbankwerner.de\/wp-content\/uploads\/2018\/09\/Stra\u00dfe_BD.jpg 900w, http:\/\/2018.burbankwerner.de\/wp-content\/uploads\/2018\/09\/Stra\u00dfe_BD-300x200.jpg 300w, http:\/\/2018.burbankwerner.de\/wp-content\/uploads\/2018\/09\/Stra\u00dfe_BD-768x512.jpg 768w\" sizes=\"(max-width: 900px) 100vw, 900px\" \/><figcaption id=\"caption-attachment-226\" class=\"wp-caption-text\">Stra\u00dfe zum Wasserfall &#8211; wer hat Vorfahrt?<\/figcaption><\/figure>\n<p>In dem kleinen Dorf Tis Abay halten wir an. Es werden pro Person 150 Birr Eintritt und nochmal 300 f\u00fcr den F\u00fchrer f\u00e4llig. Juju ist ein sehr gut englisch sprechender Guide und f\u00fchrt uns den l\u00e4ngeren Weg zum Wasserfall.<\/p>\n<p>Erst geht es \u00fcber eine steinerne Br\u00fccke, die \u201eportugiesische Br\u00fccke\u201c, gebaut von Missionaren. Immer wieder kommen uns Gruppen und einzelne Bauern meist mit bepackten Eseln entgegen, die zum Markt nach Tis Abay wollen.<\/p>\n<figure id=\"attachment_217\" aria-describedby=\"caption-attachment-217\" style=\"width: 900px\" class=\"wp-caption aligncenter\"><img loading=\"lazy\" decoding=\"async\" class=\"wp-image-217 size-full\" src=\"http:\/\/2018.burbankwerner.de\/wp-content\/uploads\/2018\/09\/Esel-1.jpg\" alt=\"\" width=\"900\" height=\"600\" srcset=\"http:\/\/2018.burbankwerner.de\/wp-content\/uploads\/2018\/09\/Esel-1.jpg 900w, http:\/\/2018.burbankwerner.de\/wp-content\/uploads\/2018\/09\/Esel-1-300x200.jpg 300w, http:\/\/2018.burbankwerner.de\/wp-content\/uploads\/2018\/09\/Esel-1-768x512.jpg 768w\" sizes=\"(max-width: 900px) 100vw, 900px\" \/><figcaption id=\"caption-attachment-217\" class=\"wp-caption-text\">Unterwegs zum Markt<\/figcaption><\/figure>\n<p>Es geht ziemlich steil nach oben &#8211; aber dann k\u00f6nnen wir den Wasserfall erst h\u00f6ren und dann auch sehen. Ein wirklich beeindruckendes Naturschauspiel!<\/p>\n<p><img loading=\"lazy\" decoding=\"async\" class=\"alignright size-full wp-image-228\" src=\"http:\/\/2018.burbankwerner.de\/wp-content\/uploads\/2018\/09\/Wasserfall1.jpg\" alt=\"\" width=\"900\" height=\"600\" srcset=\"http:\/\/2018.burbankwerner.de\/wp-content\/uploads\/2018\/09\/Wasserfall1.jpg 900w, http:\/\/2018.burbankwerner.de\/wp-content\/uploads\/2018\/09\/Wasserfall1-300x200.jpg 300w, http:\/\/2018.burbankwerner.de\/wp-content\/uploads\/2018\/09\/Wasserfall1-768x512.jpg 768w\" sizes=\"(max-width: 900px) 100vw, 900px\" \/><\/p>\n<p>Wir wandern in einem weiten Bogen um die hinabst\u00fcrzenden Wassermassen herum &#8211; \u00fcber eine H\u00e4ngebr\u00fccke. Und auch hier treiben die \u00e4thiopischen Bauern ihre Esel hin\u00fcber &#8211; ob sie wollen der nicht.<\/p>\n<figure id=\"attachment_219\" aria-describedby=\"caption-attachment-219\" style=\"width: 600px\" class=\"wp-caption alignright\"><img loading=\"lazy\" decoding=\"async\" class=\"size-full wp-image-219\" src=\"http:\/\/2018.burbankwerner.de\/wp-content\/uploads\/2018\/09\/Hangebrucke.jpg\" alt=\"\" width=\"600\" height=\"900\" srcset=\"http:\/\/2018.burbankwerner.de\/wp-content\/uploads\/2018\/09\/Hangebrucke.jpg 600w, http:\/\/2018.burbankwerner.de\/wp-content\/uploads\/2018\/09\/Hangebrucke-200x300.jpg 200w\" sizes=\"(max-width: 600px) 100vw, 600px\" \/><figcaption id=\"caption-attachment-219\" class=\"wp-caption-text\">Auch der Esel muss \u00fcber die H\u00e4ngebr\u00fccke<\/figcaption><\/figure>\n<p>Kurz hinter der Br\u00fccke ist eine kleine Siedlung &#8211; und hier spielt ein Musikant auf der traditionellen Geige. Wir nehmen ihn auf &#8211; und er bekommt nat\u00fcrlich Geld daf\u00fcr. Wendelin gibt ihm zun\u00e4chst 20 Birr, aber er hat die 50 Birr-Note schon in der Tasche entdeckt &#8211; und sagt, na, 50 w\u00e4ren besser. Wendelin gibt ihm die 50 Birr &#8211; und verdirbt damit f\u00fcr heute die Preise. Denn der F\u00fchrer, der wirklich deutlich mehr geleistet hat, als der Musikant, will am Ende 200 Birr als Trinkgeld (oder Tipp, wie es international genannt wird). Egal, wir sehen den Wasserfall nun nochmals ganz von Nahem, ehe wir mit einem kleinen Boot wieder oberhalb der F\u00e4lle \u00fcber den Blauen Nil gelangen und schlie\u00dflich nach einer Wanderung am Fluss entlang von unserem Fahrer wieder aufgegabelt werden.<\/p>\n<figure id=\"attachment_223\" aria-describedby=\"caption-attachment-223\" style=\"width: 900px\" class=\"wp-caption alignright\"><img loading=\"lazy\" decoding=\"async\" class=\"size-full wp-image-223\" src=\"http:\/\/2018.burbankwerner.de\/wp-content\/uploads\/2018\/09\/Landschaft_Nil.jpg\" alt=\"\" width=\"900\" height=\"600\" srcset=\"http:\/\/2018.burbankwerner.de\/wp-content\/uploads\/2018\/09\/Landschaft_Nil.jpg 900w, http:\/\/2018.burbankwerner.de\/wp-content\/uploads\/2018\/09\/Landschaft_Nil-300x200.jpg 300w, http:\/\/2018.burbankwerner.de\/wp-content\/uploads\/2018\/09\/Landschaft_Nil-768x512.jpg 768w\" sizes=\"(max-width: 900px) 100vw, 900px\" \/><figcaption id=\"caption-attachment-223\" class=\"wp-caption-text\">Wundersch\u00f6ne Landschaft am Blauen Nil<\/figcaption><\/figure>\n<p>Zum Lunch sind wir wieder mit dem zweiten Tour-Operator verabredet. Es geht um den Preis f\u00fcr ein Auto mit Fahrer bis nach Axum. Wir haben uns entschieden, doch einen privaten Wagen zu nutzen, denn damit sind wir deutlich flexibler. Es ist aber eine ziemliche Feilscherei und Rechnerei, ehe wir uns f\u00fcr einen der Anbieter entscheiden. Letztendlich tun sich die Preise nicht viel und wir beauftragen Zelalem mit dem Auto. Nicht die beste Wahl, wie sich herausstellen wird, den das Auto ist zwar ok, aber der Fahrer spricht viel schlechter englisch als der von Gaschew, dem anderen Operator.<\/p>\n<p>Wir brechen nach einer geteilten, m\u00e4\u00dfigen Pizza wieder auf, diesmal mit dem Boot zu zwei Kl\u00f6stern in der N\u00e4he. Es ist jedoch eine gute Stunde Fahrt \u00fcber den recht unruhigen Lake Tana.<\/p>\n<figure id=\"attachment_216\" aria-describedby=\"caption-attachment-216\" style=\"width: 900px\" class=\"wp-caption aligncenter\"><img loading=\"lazy\" decoding=\"async\" class=\"wp-image-216 size-full\" src=\"http:\/\/2018.burbankwerner.de\/wp-content\/uploads\/2018\/09\/Bootsfahrt_See.jpg\" alt=\"\" width=\"900\" height=\"600\" srcset=\"http:\/\/2018.burbankwerner.de\/wp-content\/uploads\/2018\/09\/Bootsfahrt_See.jpg 900w, http:\/\/2018.burbankwerner.de\/wp-content\/uploads\/2018\/09\/Bootsfahrt_See-300x200.jpg 300w, http:\/\/2018.burbankwerner.de\/wp-content\/uploads\/2018\/09\/Bootsfahrt_See-768x512.jpg 768w\" sizes=\"(max-width: 900px) 100vw, 900px\" \/><figcaption id=\"caption-attachment-216\" class=\"wp-caption-text\">Auf dem Lake Tana, dem drittgr\u00f6\u00dften See Afrikas<\/figcaption><\/figure>\n<p>F\u00fcr das Kloster ist ein weiterer Guide notwendig (300 Birr) und die Kl\u00f6ster kosten jeweils 150 Birr Eintritt pro Person. Wir besuchen zun\u00e4chst das Kloster Ura Kidane Meret. Die etwa 1,5 Kilometer von der Anlegestelle bis zum Klostereingang sind gespickt mit Souvenirverk\u00e4ufern &#8211; und wir kommen gar nicht aus dem freundlichen Ablehnen mit der Formel \u201eAhme Seke Nahlu\u201c (Dankesch\u00f6n) heraus.<\/p>\n<p>Annette kauft schlie\u00dflich noch einen Schal aus Seide, doch das Feilschen ist schon schwierig, denn beginnt man einmal mit dem Handeln, kommt man aus der Nummer nicht wieder raus und endet meist bei etwa 60 % &#8211; 70% des urspr\u00fcnglich genannten Preises. Wenn einem der zu hoch erscheint, darf man gar nicht erst anfangen. Aber es macht auch keinen Sinn, noch die letzten 10 Birr (30 Eurocent) heraus zuverhandeln. Die Leute leben schlie\u00dflich von dem Verkauf.<\/p>\n<figure id=\"attachment_220\" aria-describedby=\"caption-attachment-220\" style=\"width: 900px\" class=\"wp-caption aligncenter\"><img loading=\"lazy\" decoding=\"async\" class=\"wp-image-220 size-full\" src=\"http:\/\/2018.burbankwerner.de\/wp-content\/uploads\/2018\/09\/Kloster_Au\u00dfen.jpg\" alt=\"\" width=\"900\" height=\"593\" srcset=\"http:\/\/2018.burbankwerner.de\/wp-content\/uploads\/2018\/09\/Kloster_Au\u00dfen.jpg 900w, http:\/\/2018.burbankwerner.de\/wp-content\/uploads\/2018\/09\/Kloster_Au\u00dfen-300x198.jpg 300w, http:\/\/2018.burbankwerner.de\/wp-content\/uploads\/2018\/09\/Kloster_Au\u00dfen-768x506.jpg 768w\" sizes=\"(max-width: 900px) 100vw, 900px\" \/><figcaption id=\"caption-attachment-220\" class=\"wp-caption-text\">Das Kloster Azuwa Maryam<\/figcaption><\/figure>\n<p>Die Kl\u00f6ster sind eindrucksvoll, vor allem das erste, wo die Messe zum Vortag des Meskal- Festes noch im Gange ist. Die Gl\u00e4ubigen verneigen sich, der Pope singt, wir lernen, dass es einen Umgang gibt, in dem Gesungen wir, einen inneren, der dem Gebet vorbehalten ist und das Allerheiligste, das nur von den Priestern betreten werden darf. Dort wird eine Kopie der Bundeslade mit den 10 Geboten aufbewahrt.<\/p>\n<figure id=\"attachment_221\" aria-describedby=\"caption-attachment-221\" style=\"width: 900px\" class=\"wp-caption alignright\"><img loading=\"lazy\" decoding=\"async\" class=\"size-full wp-image-221\" src=\"http:\/\/2018.burbankwerner.de\/wp-content\/uploads\/2018\/09\/Kloster_Bild.jpg\" alt=\"\" width=\"900\" height=\"600\" srcset=\"http:\/\/2018.burbankwerner.de\/wp-content\/uploads\/2018\/09\/Kloster_Bild.jpg 900w, http:\/\/2018.burbankwerner.de\/wp-content\/uploads\/2018\/09\/Kloster_Bild-300x200.jpg 300w, http:\/\/2018.burbankwerner.de\/wp-content\/uploads\/2018\/09\/Kloster_Bild-768x512.jpg 768w\" sizes=\"(max-width: 900px) 100vw, 900px\" \/><figcaption id=\"caption-attachment-221\" class=\"wp-caption-text\">Die Leinwand um das Allerheiligste &#8211; von namenlosen M\u00f6nchen bemalt<\/figcaption><\/figure>\n<p>Das \u201eAllerheiligste\u201c ist umgeben von einer Wand aus Leinen, die \u00fcber und \u00fcber mit biblischen &#8211; alt- wie neutestamentarischen &#8211; Szenen bemalt ist.<\/p>\n<figure id=\"attachment_225\" aria-describedby=\"caption-attachment-225\" style=\"width: 900px\" class=\"wp-caption aligncenter\"><img loading=\"lazy\" decoding=\"async\" class=\"wp-image-225 size-full\" src=\"http:\/\/2018.burbankwerner.de\/wp-content\/uploads\/2018\/09\/Steinglocke.jpg\" alt=\"\" width=\"900\" height=\"600\" srcset=\"http:\/\/2018.burbankwerner.de\/wp-content\/uploads\/2018\/09\/Steinglocke.jpg 900w, http:\/\/2018.burbankwerner.de\/wp-content\/uploads\/2018\/09\/Steinglocke-300x200.jpg 300w, http:\/\/2018.burbankwerner.de\/wp-content\/uploads\/2018\/09\/Steinglocke-768x512.jpg 768w\" sizes=\"(max-width: 900px) 100vw, 900px\" \/><figcaption id=\"caption-attachment-225\" class=\"wp-caption-text\">Die Steinglocken sind nicht mehr in Betrieb<\/figcaption><\/figure>\n<p>Fr\u00fcher riefen die Popen mit diesen \u201eSteinglocken\u201c zum Gebet. Sie klingen tats\u00e4chlich ein bisschen nach Glocke.<br \/>\nDas Kloster Azuwa Maryam, 5 Bootsminuten entfernt, unterscheidet sich nur geringf\u00fcgig vom ersten&#8230;<\/p>\n<p>Abends steht uns noch ein besonderes Erlebnis bevor: Das Freudenfeuer zum orthodoxen Meskal-Fest. Es gibt ein besonderes Gel\u00e4nde daf\u00fcr, etwa 10 000 Gl\u00e4ubige aus der Stadt und der Umgebung, vor allem die Frauen mit pr\u00e4chtigen, \u00fcberwiegend wei\u00dfen Festtagskleidern, haben sich versammelt und folgen den Ritualen auf einer B\u00fchne, wo mehr als 100 Priester und Popen beten, singen und segnen.<\/p>\n<figure id=\"attachment_224\" aria-describedby=\"caption-attachment-224\" style=\"width: 900px\" class=\"wp-caption aligncenter\"><img loading=\"lazy\" decoding=\"async\" class=\"wp-image-224 size-full\" src=\"http:\/\/2018.burbankwerner.de\/wp-content\/uploads\/2018\/09\/Meskal_Platz.jpg\" alt=\"\" width=\"900\" height=\"600\" srcset=\"http:\/\/2018.burbankwerner.de\/wp-content\/uploads\/2018\/09\/Meskal_Platz.jpg 900w, http:\/\/2018.burbankwerner.de\/wp-content\/uploads\/2018\/09\/Meskal_Platz-300x200.jpg 300w, http:\/\/2018.burbankwerner.de\/wp-content\/uploads\/2018\/09\/Meskal_Platz-768x512.jpg 768w\" sizes=\"(max-width: 900px) 100vw, 900px\" \/><figcaption id=\"caption-attachment-224\" class=\"wp-caption-text\">Warten auf as Freudenfeuer<\/figcaption><\/figure>\n<p>Es ist das Fest des \u201ewahren Kreuzes\u201c und es wird die Wiederauffindung des Kreuzes Jesu gefeiert. \u00dcberall in den St\u00e4dten gibt es solche gro\u00dfen Feiern &#8211; aber auch zahllosen kleinere. Und viele der Menschen sind wirklich toll anzusehen.<\/p>\n<figure id=\"attachment_218\" aria-describedby=\"caption-attachment-218\" style=\"width: 900px\" class=\"wp-caption aligncenter\"><img loading=\"lazy\" decoding=\"async\" class=\"wp-image-218 size-full\" src=\"http:\/\/2018.burbankwerner.de\/wp-content\/uploads\/2018\/09\/Frauen_Meskal.jpg\" alt=\"\" width=\"900\" height=\"617\" srcset=\"http:\/\/2018.burbankwerner.de\/wp-content\/uploads\/2018\/09\/Frauen_Meskal.jpg 900w, http:\/\/2018.burbankwerner.de\/wp-content\/uploads\/2018\/09\/Frauen_Meskal-300x206.jpg 300w, http:\/\/2018.burbankwerner.de\/wp-content\/uploads\/2018\/09\/Frauen_Meskal-768x527.jpg 768w\" sizes=\"(max-width: 900px) 100vw, 900px\" \/><figcaption id=\"caption-attachment-218\" class=\"wp-caption-text\">Alt und Jung f\u00fcr das Meskal-Fest fein gemacht<\/figcaption><\/figure>\n<p>Das Fest gipfelt in einem lodernden Feuer, das von allen mit Jubel begr\u00fc\u00dft wird. Wir stecken in Mitten von Tausenden \u00c4thiopiern, die ausgelassen tanzen und feiern.<\/p>\n<figure id=\"attachment_215\" aria-describedby=\"caption-attachment-215\" style=\"width: 900px\" class=\"wp-caption aligncenter\"><img loading=\"lazy\" decoding=\"async\" class=\"wp-image-215 size-full\" src=\"http:\/\/2018.burbankwerner.de\/wp-content\/uploads\/2018\/09\/Bonfire.jpg\" alt=\"\" width=\"900\" height=\"600\" srcset=\"http:\/\/2018.burbankwerner.de\/wp-content\/uploads\/2018\/09\/Bonfire.jpg 900w, http:\/\/2018.burbankwerner.de\/wp-content\/uploads\/2018\/09\/Bonfire-300x200.jpg 300w, http:\/\/2018.burbankwerner.de\/wp-content\/uploads\/2018\/09\/Bonfire-768x512.jpg 768w\" sizes=\"(max-width: 900px) 100vw, 900px\" \/><figcaption id=\"caption-attachment-215\" class=\"wp-caption-text\">Endlich &#8211; das Feuer brennt!<\/figcaption><\/figure>\n<p>An diesem Tag fallen wir ohne Schreiben um 22:00 Uhr ins Bett&#8230;.<\/p>\n<p><a href=\"http:\/\/2018.burbankwerner.de\/?page_id=236\"><img loading=\"lazy\" decoding=\"async\" class=\"alignright wp-image-835\" src=\"http:\/\/burbankwerner.de\/wp-content\/uploads\/2017\/11\/weiter-300x122.jpg\" alt=\"\" width=\"170\" height=\"69\"><\/a><a href=\"http:\/\/2018.burbankwerner.de\/?page_id=198\"><img loading=\"lazy\" decoding=\"async\" class=\"alignleft wp-image-834\" src=\"http:\/\/burbankwerner.de\/wp-content\/uploads\/2017\/11\/zur\u00fcck-300x121.jpg\" alt=\"\" width=\"170\" height=\"69\"><\/a><\/p>\n<p>&nbsp;<\/p>\n<p>&nbsp;<\/p>\n","protected":false},"excerpt":{"rendered":"<p>An diesem Mittwoch ist so viel passiert, dass wir \u00fcberhaupt nicht zum Schreiben gekommen sind. Erst heute, schon in Gonder, k\u00f6nnen wir &#8211; und auch das erst nach 22:00 Uhr &#8211; weiter schreiben. Morgens gibt es Fr\u00fchst\u00fcck, das wir gemeinsam mit Lena aus T\u00fcbingen einnehmen. Ihr Freund, mit dem sie unterwegs ist, hat eine b\u00f6se &hellip; <a href=\"http:\/\/2018.burbankwerner.de\/?page_id=213\" class=\"more-link\"><span class=\"screen-reader-text\">26. September &#8211; Wasserfall &#8211; Kloster und ein Freudenfeuer zu Meskal<\/span> weiterlesen<\/a><\/p>\n","protected":false},"author":1,"featured_media":0,"parent":0,"menu_order":0,"comment_status":"closed","ping_status":"closed","template":"","meta":{"footnotes":""},"_links":{"self":[{"href":"http:\/\/2018.burbankwerner.de\/index.php?rest_route=\/wp\/v2\/pages\/213"}],"collection":[{"href":"http:\/\/2018.burbankwerner.de\/index.php?rest_route=\/wp\/v2\/pages"}],"about":[{"href":"http:\/\/2018.burbankwerner.de\/index.php?rest_route=\/wp\/v2\/types\/page"}],"author":[{"embeddable":true,"href":"http:\/\/2018.burbankwerner.de\/index.php?rest_route=\/wp\/v2\/users\/1"}],"replies":[{"embeddable":true,"href":"http:\/\/2018.burbankwerner.de\/index.php?rest_route=%2Fwp%2Fv2%2Fcomments&post=213"}],"version-history":[{"count":6,"href":"http:\/\/2018.burbankwerner.de\/index.php?rest_route=\/wp\/v2\/pages\/213\/revisions"}],"predecessor-version":[{"id":713,"href":"http:\/\/2018.burbankwerner.de\/index.php?rest_route=\/wp\/v2\/pages\/213\/revisions\/713"}],"wp:attachment":[{"href":"http:\/\/2018.burbankwerner.de\/index.php?rest_route=%2Fwp%2Fv2%2Fmedia&parent=213"}],"curies":[{"name":"wp","href":"https:\/\/api.w.org\/{rel}","templated":true}]}}