{"id":339,"date":"2018-10-02T21:07:00","date_gmt":"2018-10-02T21:07:00","guid":{"rendered":"http:\/\/2018.burbankwerner.de\/?page_id=339"},"modified":"2020-12-27T21:42:33","modified_gmt":"2020-12-27T21:42:33","slug":"musterseite-12","status":"publish","type":"page","link":"http:\/\/2018.burbankwerner.de\/?page_id=339","title":{"rendered":"1. Oktober &#8211; Grandiose Landschaft auf 4000 Metern \u00fc.M."},"content":{"rendered":"<p><a href=\"http:\/\/2018.burbankwerner.de\/?page_id=352\"><img loading=\"lazy\" decoding=\"async\" class=\"alignright wp-image-95\" src=\"http:\/\/burbankwerner.de\/wp-content\/uploads\/2017\/09\/Union-Jack-300x150.png\" alt=\"\" width=\"167\" height=\"84\"><\/a>Heute sind wir zum zweiten Mal in die Simien Mountains gefahren &#8211; und waren nochmal \u00fcberrascht von der \u00fcberw\u00e4ltigenden Kulisse.<\/p>\n<p><img loading=\"lazy\" decoding=\"async\" class=\"aligncenter size-full wp-image-346\" src=\"http:\/\/2018.burbankwerner.de\/wp-content\/uploads\/2018\/10\/Landeschaft3.jpg\" alt=\"\" width=\"900\" height=\"600\" srcset=\"http:\/\/2018.burbankwerner.de\/wp-content\/uploads\/2018\/10\/Landeschaft3.jpg 900w, http:\/\/2018.burbankwerner.de\/wp-content\/uploads\/2018\/10\/Landeschaft3-300x200.jpg 300w, http:\/\/2018.burbankwerner.de\/wp-content\/uploads\/2018\/10\/Landeschaft3-768x512.jpg 768w\" sizes=\"(max-width: 900px) 100vw, 900px\" \/><\/p>\n<p>Gestern hatten wir schon Affen gesehen &#8211; heute bittet unser F\u00fchrer Belay den Fahrer pl\u00f6tzlich anzuhalten &#8211; wir sollen nachkommen. \u201eOnly camera!\u201c sagt Belay. Wir klettern hinter ihm her den Abhang hinunter. Erst dann sehen wir die Berg Nyalas . Es sind gro\u00dfe Antilopen, die hier auf etwa 3500 Metern weiden.<\/p>\n<p><img loading=\"lazy\" decoding=\"async\" class=\"aligncenter size-full wp-image-350\" src=\"http:\/\/2018.burbankwerner.de\/wp-content\/uploads\/2018\/10\/Bock.jpg\" alt=\"\" width=\"900\" height=\"572\" srcset=\"http:\/\/2018.burbankwerner.de\/wp-content\/uploads\/2018\/10\/Bock.jpg 900w, http:\/\/2018.burbankwerner.de\/wp-content\/uploads\/2018\/10\/Bock-300x191.jpg 300w, http:\/\/2018.burbankwerner.de\/wp-content\/uploads\/2018\/10\/Bock-768x488.jpg 768w\" sizes=\"(max-width: 900px) 100vw, 900px\" \/><\/p>\n<p>Wir fahren weiter &#8211; nach 58 km \u00fcber die zerfurchte Stra\u00dfe kommt das Lager Chenek. Nun m\u00fcssen wir entscheiden &#8211; wollen wir bis \u00fcber 4100 Meter aufsteigen oder uns bis zum Aussichtspunkt fahren lassen? Wir entscheiden uns f\u00fcr letzteres. In dieser H\u00f6he sind wir schon nach drei Schritten bergauf au\u00dfer Atem. Deshalb fahren wir bis zum Aussichtspunkt, der einen weiteren, atemberaubenden Blick in den tiefen Einschnitt in Mitten der aufragenden Simien Mountains bietet.<\/p>\n<p><img loading=\"lazy\" decoding=\"async\" class=\"aligncenter size-full wp-image-345\" src=\"http:\/\/2018.burbankwerner.de\/wp-content\/uploads\/2018\/10\/Blickrunter.jpg\" alt=\"\" width=\"900\" height=\"600\" srcset=\"http:\/\/2018.burbankwerner.de\/wp-content\/uploads\/2018\/10\/Blickrunter.jpg 900w, http:\/\/2018.burbankwerner.de\/wp-content\/uploads\/2018\/10\/Blickrunter-300x200.jpg 300w, http:\/\/2018.burbankwerner.de\/wp-content\/uploads\/2018\/10\/Blickrunter-768x512.jpg 768w\" sizes=\"(max-width: 900px) 100vw, 900px\" \/><\/p>\n<p>Die Berge sind allerdings schwer zu fotografieren, denn immer liegt ein Dunstschleier \u00fcber den Felsen. Unten leben Menschen. Ohne jede Verbindung zur restlichen Zivilisation. Es gibt keine Mobilfunkabdeckung, kein Telefon und die einzige M\u00f6glichkeit f\u00fcr die Bauern dort ist, \u00fcber einen schmalen Pfad etwa 1,5 Stunden aufzusteigen.<\/p>\n<p><img loading=\"lazy\" decoding=\"async\" class=\"aligncenter size-full wp-image-346\" src=\"http:\/\/2018.burbankwerner.de\/wp-content\/uploads\/2018\/10\/Landeschaft3.jpg\" alt=\"\" width=\"900\" height=\"600\" srcset=\"http:\/\/2018.burbankwerner.de\/wp-content\/uploads\/2018\/10\/Landeschaft3.jpg 900w, http:\/\/2018.burbankwerner.de\/wp-content\/uploads\/2018\/10\/Landeschaft3-300x200.jpg 300w, http:\/\/2018.burbankwerner.de\/wp-content\/uploads\/2018\/10\/Landeschaft3-768x512.jpg 768w\" sizes=\"(max-width: 900px) 100vw, 900px\" \/><\/p>\n<p>Wir steigen am Abhang des Gebirges entlang nach Chenek ab und essen dort bei einem Aussichtspunkt mit Sitzbank unser Lunchpaket.<\/p>\n<p>Danach f\u00fchrt uns Belay zu einem weiteren Aussichtspunkt in der N\u00e4he. Seine Spezialit\u00e4t ist es, sich ganz nahe an den Abgrund heran zu setzen und ein Selfie zu machen.<\/p>\n<p><img loading=\"lazy\" decoding=\"async\" class=\"aligncenter size-full wp-image-344\" src=\"http:\/\/2018.burbankwerner.de\/wp-content\/uploads\/2018\/10\/Belay.jpg\" alt=\"\" width=\"900\" height=\"618\" srcset=\"http:\/\/2018.burbankwerner.de\/wp-content\/uploads\/2018\/10\/Belay.jpg 900w, http:\/\/2018.burbankwerner.de\/wp-content\/uploads\/2018\/10\/Belay-300x206.jpg 300w, http:\/\/2018.burbankwerner.de\/wp-content\/uploads\/2018\/10\/Belay-768x527.jpg 768w\" sizes=\"(max-width: 900px) 100vw, 900px\" \/><\/p>\n<p>Nach einem weiteren Rundgang durch Wiesen und Gestr\u00fcpp steigen wir ins Auto und fahren etwa 90 Minuten zur\u00fcck. Durchger\u00fcttelt kommen wir in der Wolya Lodge an.<br \/>\nSie geh\u00f6rt einem \u00c4thiopier italienischer Abstammung und auch Nationalit\u00e4t. Es ist nett, aber sehr einfach. Und es ist vor allem kalt hier oben. Wir sind richtig durch gefroren. In der kleinen H\u00fctte hat Andrea, der Besitzer, eine Feuerstelle aus Ton aufgestellt.<\/p>\n<p><img loading=\"lazy\" decoding=\"async\" class=\"aligncenter size-full wp-image-348\" src=\"http:\/\/2018.burbankwerner.de\/wp-content\/uploads\/2018\/10\/ofen.jpg\" alt=\"\" width=\"900\" height=\"543\" srcset=\"http:\/\/2018.burbankwerner.de\/wp-content\/uploads\/2018\/10\/ofen.jpg 900w, http:\/\/2018.burbankwerner.de\/wp-content\/uploads\/2018\/10\/ofen-300x181.jpg 300w, http:\/\/2018.burbankwerner.de\/wp-content\/uploads\/2018\/10\/ofen-768x463.jpg 768w\" sizes=\"(max-width: 900px) 100vw, 900px\" \/><\/p>\n<p>Das macht ein bisschen, aber nicht richtig warm. Wir besch\u00e4ftigen uns noch eine Zeit lang mit den englischen \u00dcbersetzungen des Blogs. Neben her unterhalten wir uns mit einem italienischen Ehepaar und dessen Fahrer. Und es wird der eine oder andere Schnaps probiert, denn das ist Andreas Spezialit\u00e4t.<\/p>\n<p><img loading=\"lazy\" decoding=\"async\" class=\"aligncenter size-full wp-image-343\" src=\"http:\/\/2018.burbankwerner.de\/wp-content\/uploads\/2018\/10\/Andrea.jpg\" alt=\"\" width=\"900\" height=\"600\" srcset=\"http:\/\/2018.burbankwerner.de\/wp-content\/uploads\/2018\/10\/Andrea.jpg 900w, http:\/\/2018.burbankwerner.de\/wp-content\/uploads\/2018\/10\/Andrea-300x200.jpg 300w, http:\/\/2018.burbankwerner.de\/wp-content\/uploads\/2018\/10\/Andrea-768x512.jpg 768w\" sizes=\"(max-width: 900px) 100vw, 900px\" \/><\/p>\n<p><a href=\"http:\/\/2018.burbankwerner.de\/?page_id=341\"><img loading=\"lazy\" decoding=\"async\" class=\"alignright wp-image-835\" src=\"http:\/\/burbankwerner.de\/wp-content\/uploads\/2017\/11\/weiter-300x122.jpg\" alt=\"\" width=\"170\" height=\"69\"><\/a><a href=\"http:\/\/2018.burbankwerner.de\/?page_id=294\"><img loading=\"lazy\" decoding=\"async\" class=\"alignleft wp-image-834\" src=\"http:\/\/burbankwerner.de\/wp-content\/uploads\/2017\/11\/zur\u00fcck-300x121.jpg\" alt=\"\" width=\"170\" height=\"69\"><\/a><\/p>\n<p>&nbsp;<\/p>\n<p>&nbsp;<\/p>\n","protected":false},"excerpt":{"rendered":"<p>Heute sind wir zum zweiten Mal in die Simien Mountains gefahren &#8211; und waren nochmal \u00fcberrascht von der \u00fcberw\u00e4ltigenden Kulisse. Gestern hatten wir schon Affen gesehen &#8211; heute bittet unser F\u00fchrer Belay den Fahrer pl\u00f6tzlich anzuhalten &#8211; wir sollen nachkommen. \u201eOnly camera!\u201c sagt Belay. Wir klettern hinter ihm her den Abhang hinunter. Erst dann sehen &hellip; <a href=\"http:\/\/2018.burbankwerner.de\/?page_id=339\" class=\"more-link\"><span class=\"screen-reader-text\">1. Oktober &#8211; Grandiose Landschaft auf 4000 Metern \u00fc.M.<\/span> weiterlesen<\/a><\/p>\n","protected":false},"author":1,"featured_media":0,"parent":0,"menu_order":0,"comment_status":"closed","ping_status":"closed","template":"","meta":{"footnotes":""},"_links":{"self":[{"href":"http:\/\/2018.burbankwerner.de\/index.php?rest_route=\/wp\/v2\/pages\/339"}],"collection":[{"href":"http:\/\/2018.burbankwerner.de\/index.php?rest_route=\/wp\/v2\/pages"}],"about":[{"href":"http:\/\/2018.burbankwerner.de\/index.php?rest_route=\/wp\/v2\/types\/page"}],"author":[{"embeddable":true,"href":"http:\/\/2018.burbankwerner.de\/index.php?rest_route=\/wp\/v2\/users\/1"}],"replies":[{"embeddable":true,"href":"http:\/\/2018.burbankwerner.de\/index.php?rest_route=%2Fwp%2Fv2%2Fcomments&post=339"}],"version-history":[{"count":6,"href":"http:\/\/2018.burbankwerner.de\/index.php?rest_route=\/wp\/v2\/pages\/339\/revisions"}],"predecessor-version":[{"id":685,"href":"http:\/\/2018.burbankwerner.de\/index.php?rest_route=\/wp\/v2\/pages\/339\/revisions\/685"}],"wp:attachment":[{"href":"http:\/\/2018.burbankwerner.de\/index.php?rest_route=%2Fwp%2Fv2%2Fmedia&parent=339"}],"curies":[{"name":"wp","href":"https:\/\/api.w.org\/{rel}","templated":true}]}}